{"id":782,"date":"2017-03-14T13:55:40","date_gmt":"2017-03-14T13:55:40","guid":{"rendered":"http:\/\/ld-wp.template-help.com\/wordpress_64763-sample\/?page_id=782"},"modified":"2020-06-27T23:23:29","modified_gmt":"2020-06-27T23:23:29","slug":"politicadeprivacidade","status":"publish","type":"page","link":"https:\/\/spreadingdigital.com.br\/en\/politicadeprivacidade\/","title":{"rendered":"Pol\u00edtica de Privacidade"},"content":{"rendered":"<h2><b>Pol\u00edtica de Privacidade SCMD<\/b><\/h2>\n<p><span style=\"font-weight: 400;\">A Pol\u00edtica de Privacidade do website <a href=\"http:\/\/spreadingdigital.com.br\/en\/\">spreadingdigital.com.br<\/a> aborda exclusivamente das informa\u00e7\u00f5es coletadas pelos sites e softwares da marca SCMD, assim como, como elas ser\u00e3o coletadas, utilizadas, armazenadas e descartadas dos nossos ambientes virtuais.\u00a0<\/span><\/p>\n<p><span style=\"font-weight: 400;\">Essa pol\u00edtica de privacidade, n\u00e3o se aplica a nenhuma informa\u00e7\u00e3o que voc\u00ea nos envia por outros meios, como evento ao vivo, telefone ou correios.<\/span><\/p>\n<p><span style=\"font-weight: 400;\">Por favor leia essa pol\u00edtica de privacidade atentamente, ao utilizar quaisquer dos nossos produtos, voc\u00ea declara que concorda com todos termos aqui descritos.<\/span><\/p>\n<p><span style=\"font-weight: 400;\">Com a evolu\u00e7\u00e3o dos h\u00e1bitos da internet e tamb\u00e9m da legisla\u00e7\u00e3o, continuamente revisamos o conte\u00fado deste documento, ao continuar visitando o site voc\u00ea concorda que podemos mudar a pol\u00edtica a qualquer momento e voc\u00ea aceita esse fato.<\/span><b><\/b><\/p>\n<h2><b>Como coletamos e usamos essa informa\u00e7\u00e3o<\/b><\/h2>\n<p><span style=\"font-weight: 400;\">N\u00f3s guardamos as informa\u00e7\u00f5es pessoais que voc\u00ea nos forneceu voluntariamente ao usar nossos servi\u00e7os, como entrar em contato por e-mail ou se cadastrar para receber algum de nossos materiais de apoio.<\/span><\/p>\n<p><span style=\"font-weight: 400;\">Geralmente essa informa\u00e7\u00e3o inclui nome e endere\u00e7o de e-mail e telefone que s\u00e3o cadastrados em nossa base de dados, toda essa informa\u00e7\u00e3o \u00e9 enviada por voc\u00ea.<\/span><\/p>\n<p><span style=\"font-weight: 400;\">N\u00f3s tamb\u00e9m coletamos e guardamos informa\u00e7\u00f5es que s\u00e3o geradas automaticamente quando voc\u00ea navega em um site na internet.<\/span><\/p>\n<p><span style=\"font-weight: 400;\">Por exemplo, podemos coletar informa\u00e7\u00f5es sobre a sua conex\u00e3o de internet, que nos permite entre outras coisas, melhorar a velocidade das nossas p\u00e1ginas, medir os dados de acesso e melhorar a sua experi\u00eancia em nossos sites.<\/span><\/p>\n<p><span style=\"font-weight: 400;\">N\u00f3s tamb\u00e9m podemos usar outra informa\u00e7\u00e3o que \u00e9 fornecida pelo seu navegador, que \u00e9 chamada de <\/span><i><span style=\"font-weight: 400;\">cookie<\/span><\/i><span style=\"font-weight: 400;\">.<\/span><\/p>\n<p><i><span style=\"font-weight: 400;\">Cookies<\/span><\/i><span style=\"font-weight: 400;\"> s\u00e3o pequenos arquivos que o navegador salva no seu HD com a finalidade de grava\u00e7\u00e3o de dados de navega\u00e7\u00e3o na internet, os <\/span><i><span style=\"font-weight: 400;\">cookies<\/span><\/i><span style=\"font-weight: 400;\"> mostram como e quando as pessoas visitaram nosso site e suas prefer\u00eancias, com isso, tamb\u00e9m nos ajudam a entregar an\u00fancios de publicidade personalizados, melhorando sua experi\u00eancia em nosso ambiente.<\/span><\/p>\n<p><span style=\"font-weight: 400;\">Eles tamb\u00e9m evitam que voc\u00ea tenha de informar novamente seus dados em certas \u00e1reas, principalmente quando estar\u00e1 utilizando nosso website.<\/span><\/p>\n<p><span style=\"font-weight: 400;\">O site tamb\u00e9m pode usar <\/span><i><span style=\"font-weight: 400;\">web beacons<\/span><\/i><span style=\"font-weight: 400;\"> (pequenos peda\u00e7os de imagens, gifs transparentes) para acessar <\/span><i><span style=\"font-weight: 400;\">cookies<\/span><\/i><span style=\"font-weight: 400;\"> e contar quantos pessoas visitaram o site ou abriram um html pr\u00e9-formatado em uma mensagem de e-mail.<\/span><\/p>\n<p><span style=\"font-weight: 400;\">N\u00f3s usamos a informa\u00e7\u00e3o coletada em nossos sites de diferentes maneiras, incluindo fun\u00e7\u00f5es visando a customiza\u00e7\u00e3o da sua experi\u00eancia em nossos sites.<\/span><\/p>\n<h2><b>SERVI\u00c7OS DE TERCEIROS<\/b><\/h2>\n<p><span style=\"font-weight: 400;\">No geral, os fornecedores terceirizados usados por n\u00f3s ir\u00e3o apenas coletar, usar e divulgar suas informa\u00e7\u00f5es na medida do necess\u00e1rio para permitir que eles realizem os servi\u00e7os que eles nos fornecem.<\/span><\/p>\n<p><span style=\"font-weight: 400;\">Entretanto, certos fornecedores de servi\u00e7os terceirizados, tais como gateways de pagamento e outros processadores de transa\u00e7\u00e3o de pagamento, t\u00eam suas pr\u00f3prias pol\u00edticas de privacidade com respeito \u00e0 informa\u00e7\u00e3o que somos obrigados a fornecer para eles de suas transa\u00e7\u00f5es relacionadas com compras.<\/span><\/p>\n<p><span style=\"font-weight: 400;\">Para esses fornecedores, recomendamos que voc\u00ea leia suas pol\u00edticas de privacidade para que voc\u00ea possa entender a maneira na qual suas informa\u00e7\u00f5es pessoais ser\u00e3o usadas por esses fornecedores.<\/span><\/p>\n<p><span style=\"font-weight: 400;\">Em particular, lembre-se que certos fornecedores podem ser localizados em ou possuir instala\u00e7\u00f5es que s\u00e3o localizadas em jurisdi\u00e7\u00f5es diferentes que voc\u00ea ou n\u00f3s. Assim, se voc\u00ea quer continuar com uma transa\u00e7\u00e3o que envolve os servi\u00e7os de um fornecedor de servi\u00e7o terceirizado, ent\u00e3o suas informa\u00e7\u00f5es podem tornar-se sujeitas \u00e0s leis da(s) jurisdi\u00e7\u00e3o(\u00f5es) nas quais o fornecedor de servi\u00e7o ou suas instala\u00e7\u00f5es est\u00e3o localizados.<\/span><\/p>\n<p><span style=\"font-weight: 400;\">Como um exemplo, se voc\u00ea est\u00e1 localizado no Canad\u00e1 e sua transa\u00e7\u00e3o \u00e9 processada por um gateway de pagamento localizado nos Estados Unidos, ent\u00e3o suas informa\u00e7\u00f5es pessoais usadas para completar aquela transa\u00e7\u00e3o podem estar sujeitas a divulga\u00e7\u00e3o sob a legisla\u00e7\u00e3o dos Estados Unidos, incluindo o Ato Patriota.<\/span><\/p>\n<p><span style=\"font-weight: 400;\">Uma vez que voc\u00ea deixe o site da nossa loja ou seja redirecionado para um aplicativo ou site de terceiros, voc\u00ea n\u00e3o ser\u00e1 mais regido por essa Pol\u00edtica de Privacidade ou pelos Termos de Servi\u00e7o do nosso site.<\/span><\/p>\n<p><strong>Links<\/strong><\/p>\n<p><span style=\"font-weight: 400;\">Quando voc\u00ea clica em links na nossa loja, eles podem lhe direcionar para fora do nosso site. N\u00e3o somos respons\u00e1veis pelas pr\u00e1ticas de privacidade de outros sites e lhe incentivamos a ler as declara\u00e7\u00f5es de privacidade deles.<\/span><\/p>\n<p><b>E caso voc\u00ea queira retirar seu consentimento, como proceder?<\/b><\/p>\n<p><span style=\"font-weight: 400;\">Se ap\u00f3s voc\u00ea nos fornecer seus dados, voc\u00ea mudar de ideia, voc\u00ea pode retirar o seu consentimento para que possamos entrar em contato, para a cole\u00e7\u00e3o de dados cont\u00ednua, uso ou divulga\u00e7\u00e3o de suas informa\u00e7\u00f5es, a qualquer momento, entrando em contato conosco em tamojunto@spreadingdigital.com.br<\/span><\/p>\n<h2><b>N\u00f3s n\u00e3o podemos nos responsabilizar pelo uso inapropriado dessas informa\u00e7\u00f5es.<\/b><\/h2>\n<p><span style=\"font-weight: 400;\">Os sites e sistemas da marca SCMD incluem links para outros websites e tamb\u00e9m d\u00e1 acesso a produtos oferecidos por terceiros, dos quais, n\u00e3o controlamos as suas pol\u00edticas de privacidade.<\/span><\/p>\n<p><span style=\"font-weight: 400;\">Quando voc\u00ea acessar esses sites, toda informa\u00e7\u00e3o que voc\u00ea ir\u00e1 fornecer \u00e9 de sua responsabilize e n\u00e3o podemos assumir nenhum risco destas atividades.<\/span><\/p>\n<p><span style=\"font-weight: 400;\">N\u00f3s tamb\u00e9m disponibilizaremos conte\u00fado produzido por terceiros, e sempre que isso acontecer iremos deixar expl\u00edcito que o conte\u00fado \u00e9 de um terceiro, mostrando a marca e\/ou nome do autor deste conte\u00fado.<\/span><\/p>\n<p><span style=\"font-weight: 400;\">Na hip\u00f3tese de voc\u00ea fornecer alguma informa\u00e7\u00e3o pessoal \u00e0 um de nossos parceiros, esteja atento \u00e0 pol\u00edtica de privacidade deste parceiro, pois os termos poder\u00e3o ser diferentes dos nossos e neste caso, n\u00e3o nos responsabilizamos pela pol\u00edtica deles.<\/span><\/p>\n<p><span style=\"font-weight: 400;\">Se voc\u00ea tiver alguma d\u00favida sobre a pol\u00edtica dos parceiros, voc\u00ea deve contat\u00e1-los diretamente para mais informa\u00e7\u00f5es.<\/span><\/p>\n<p><span style=\"font-weight: 400;\">Nos casos em que a Lei determina a divulga\u00e7\u00e3o de informa\u00e7\u00f5es sobre usu\u00e1rios que infringiram qualquer determina\u00e7\u00e3o legal, tais como direitos autorais, n\u00f3s transmitiremos as informa\u00e7\u00f5es requeridas pelas autoridades competentes, nos termos da legisla\u00e7\u00e3o aplic\u00e1vel e\/ou determina\u00e7\u00e3o judicial.<\/span><\/p>\n<h2><b>Como gravamos a sua informa\u00e7\u00e3o?<\/b><\/h2>\n<p><span style=\"font-weight: 400;\">Sua informa\u00e7\u00e3o \u00e9 gravada na nossa lista de e-mails.<\/span><\/p>\n<p><span style=\"font-weight: 400;\">Sua informa\u00e7\u00e3o somente pode ser acessada por aqueles que ajudam a enviar nossa newsletter, e mais ningu\u00e9m.<\/span><\/p>\n<p><span style=\"font-weight: 400;\">Todos e-mails s\u00e3o enviados por <a href=\"http:\/\/spreadingdigital.com.br\/en\/\">spreadingdigital.com.br<\/a> que tamb\u00e9m s\u00e3o inclu\u00eddos um link para remo\u00e7\u00e3o da lista.<\/span><\/p>\n<p><span style=\"font-weight: 400;\">Voc\u00ea pode se remover da lista a qualquer momento apenas clicando no link de remo\u00e7\u00e3o da lista inclu\u00eddo em todos e-mails.<\/span><\/p>\n<p>&nbsp;<\/p>\n<h2><b>SEGURAN\u00c7A<\/b><\/h2>\n<p><span style=\"font-weight: 400;\">Aqui na SCMD seus dados contam com a prote\u00e7\u00e3o LPD \u2013 Lei Geral de Prote\u00e7\u00e3o de Dados. Dedicamo-nos a proteger seus dados pessoais contra uso n\u00e3o autorizado e cumprimos totalmente todas as leis de prote\u00e7\u00e3o de dados vigentes que est\u00e3o entre as mais rigorosas do mundo.<\/span><\/p>\n<p><span style=\"font-weight: 400;\">N\u00e3o nos responsabilizamos pela seguran\u00e7a na troca de informa\u00e7\u00f5es realizada fora dos ambientes do nosso website spreadingdigital.com.br<\/span><\/p>\n<h2><b>COOKIES<\/b><\/h2>\n<p><span style=\"font-weight: 400;\">Fazemos uso de <\/span><i><span style=\"font-weight: 400;\">cookies<\/span><\/i><span style=\"font-weight: 400;\"> que s\u00e3o gravados no dispositivo do usu\u00e1rio, exclusivamente para melhorar a experi\u00eancia do usu\u00e1rio, tornando-a mais r\u00e1pida e flu\u00edda.<\/span><\/p>\n<p><span style=\"font-weight: 400;\">Caso deseje, o usu\u00e1rio pode configurar seu navegador para que notifique ou bloqueie a instala\u00e7\u00e3o de <\/span><i><span style=\"font-weight: 400;\">cookies<\/span><\/i><span style=\"font-weight: 400;\">.<\/span><\/p>\n<p><span style=\"font-weight: 400;\">Para proteger suas informa\u00e7\u00f5es pessoais, tomamos precau\u00e7\u00f5es razo\u00e1veis e seguimos as melhores pr\u00e1ticas da ind\u00fastria para nos certificar que elas n\u00e3o ser\u00e3o perdidas inadequadamente, usurpadas, acessadas, divulgadas, alteradas ou destru\u00eddas.<\/span><\/p>\n<h2><b>Aviso<\/b><\/h2>\n<p><span style=\"font-weight: 400;\">N\u00e3o \u00e9 muito comum, mas podemos mudar a qualquer momento essa pol\u00edtica de privacidade, no caso de atualizarmos esses termos, vamos postar isso em nosso site.<\/span><\/p>\n<p><span style=\"font-weight: 400;\">Se voc\u00ea tem alguma d\u00favida, por favor mande um e-mail diretamente para tamojunto@spreadingdigital.com.br<\/span><\/p>","protected":false},"excerpt":{"rendered":"<p>Pol\u00edtica de Privacidade SCMD A Pol\u00edtica de Privacidade do website spreadingdigital.com.br aborda exclusivamente das informa\u00e7\u00f5es coletadas pelos sites e softwares da marca SCMD, assim como, como elas ser\u00e3o coletadas, utilizadas, armazenadas e descartadas dos nossos ambientes virtuais.\u00a0 Essa pol\u00edtica de privacidade, n\u00e3o se aplica a nenhuma informa\u00e7\u00e3o que voc\u00ea nos envia por outros meios, como [&hellip;]<\/p>","protected":false},"author":1,"featured_media":0,"parent":0,"menu_order":0,"comment_status":"closed","ping_status":"closed","template":"","meta":{"_et_pb_use_builder":"","_et_pb_old_content":"","_et_gb_content_width":"","footnotes":""},"class_list":["post-782","page","type-page","status-publish","hentry"],"yoast_head":"<!-- This site is optimized with the Yoast SEO plugin v26.2 - https:\/\/yoast.com\/wordpress\/plugins\/seo\/ -->\n<title>Pol\u00edtica de Privacidade - Spreading Digital<\/title>\n<meta name=\"robots\" content=\"index, follow, max-snippet:-1, max-image-preview:large, max-video-preview:-1\" \/>\n<link rel=\"canonical\" href=\"https:\/\/spreadingdigital.com.br\/en\/politicadeprivacidade\/\" \/>\n<meta property=\"og:locale\" content=\"en_US\" \/>\n<meta property=\"og:type\" content=\"article\" \/>\n<meta property=\"og:title\" content=\"Pol\u00edtica de Privacidade - Spreading Digital\" \/>\n<meta property=\"og:description\" content=\"Pol\u00edtica de Privacidade SCMD A Pol\u00edtica de Privacidade do website spreadingdigital.com.br aborda exclusivamente das informa\u00e7\u00f5es coletadas pelos sites e softwares da marca SCMD, assim como, como elas ser\u00e3o coletadas, utilizadas, armazenadas e descartadas dos nossos ambientes virtuais.\u00a0 Essa pol\u00edtica de privacidade, n\u00e3o se aplica a nenhuma informa\u00e7\u00e3o que voc\u00ea nos envia por outros meios, como [&hellip;]\" \/>\n<meta property=\"og:url\" content=\"https:\/\/spreadingdigital.com.br\/en\/politicadeprivacidade\/\" \/>\n<meta property=\"og:site_name\" content=\"Spreading Digital\" \/>\n<meta property=\"article:modified_time\" content=\"2020-06-27T23:23:29+00:00\" \/>\n<meta name=\"twitter:card\" content=\"summary_large_image\" \/>\n<meta name=\"twitter:label1\" content=\"Est. reading time\" \/>\n\t<meta name=\"twitter:data1\" content=\"7 minutes\" \/>\n<script type=\"application\/ld+json\" class=\"yoast-schema-graph\">{\"@context\":\"https:\/\/schema.org\",\"@graph\":[{\"@type\":\"WebPage\",\"@id\":\"https:\/\/spreadingdigital.com.br\/politicadeprivacidade\/\",\"url\":\"https:\/\/spreadingdigital.com.br\/politicadeprivacidade\/\",\"name\":\"Pol\u00edtica de Privacidade - Spreading Digital\",\"isPartOf\":{\"@id\":\"https:\/\/spreadingdigital.com.br\/#website\"},\"datePublished\":\"2017-03-14T13:55:40+00:00\",\"dateModified\":\"2020-06-27T23:23:29+00:00\",\"breadcrumb\":{\"@id\":\"https:\/\/spreadingdigital.com.br\/politicadeprivacidade\/#breadcrumb\"},\"inLanguage\":\"en-US\",\"potentialAction\":[{\"@type\":\"ReadAction\",\"target\":[\"https:\/\/spreadingdigital.com.br\/politicadeprivacidade\/\"]}]},{\"@type\":\"BreadcrumbList\",\"@id\":\"https:\/\/spreadingdigital.com.br\/politicadeprivacidade\/#breadcrumb\",\"itemListElement\":[{\"@type\":\"ListItem\",\"position\":1,\"name\":\"In\u00edcio\",\"item\":\"https:\/\/spreadingdigital.com.br\/\"},{\"@type\":\"ListItem\",\"position\":2,\"name\":\"Pol\u00edtica de Privacidade\"}]},{\"@type\":\"WebSite\",\"@id\":\"https:\/\/spreadingdigital.com.br\/#website\",\"url\":\"https:\/\/spreadingdigital.com.br\/\",\"name\":\"Spreading Digital\",\"description\":\"Spreading Consultoria e Marketing Digital\",\"potentialAction\":[{\"@type\":\"SearchAction\",\"target\":{\"@type\":\"EntryPoint\",\"urlTemplate\":\"https:\/\/spreadingdigital.com.br\/?s={search_term_string}\"},\"query-input\":{\"@type\":\"PropertyValueSpecification\",\"valueRequired\":true,\"valueName\":\"search_term_string\"}}],\"inLanguage\":\"en-US\"}]}<\/script>\n<!-- \/ Yoast SEO plugin. -->","yoast_head_json":{"title":"Pol\u00edtica de Privacidade - Spreading Digital","robots":{"index":"index","follow":"follow","max-snippet":"max-snippet:-1","max-image-preview":"max-image-preview:large","max-video-preview":"max-video-preview:-1"},"canonical":"https:\/\/spreadingdigital.com.br\/en\/politicadeprivacidade\/","og_locale":"en_US","og_type":"article","og_title":"Pol\u00edtica de Privacidade - Spreading Digital","og_description":"Pol\u00edtica de Privacidade SCMD A Pol\u00edtica de Privacidade do website spreadingdigital.com.br aborda exclusivamente das informa\u00e7\u00f5es coletadas pelos sites e softwares da marca SCMD, assim como, como elas ser\u00e3o coletadas, utilizadas, armazenadas e descartadas dos nossos ambientes virtuais.\u00a0 Essa pol\u00edtica de privacidade, n\u00e3o se aplica a nenhuma informa\u00e7\u00e3o que voc\u00ea nos envia por outros meios, como [&hellip;]","og_url":"https:\/\/spreadingdigital.com.br\/en\/politicadeprivacidade\/","og_site_name":"Spreading Digital","article_modified_time":"2020-06-27T23:23:29+00:00","twitter_card":"summary_large_image","twitter_misc":{"Est. reading time":"7 minutes"},"schema":{"@context":"https:\/\/schema.org","@graph":[{"@type":"WebPage","@id":"https:\/\/spreadingdigital.com.br\/politicadeprivacidade\/","url":"https:\/\/spreadingdigital.com.br\/politicadeprivacidade\/","name":"Pol\u00edtica de Privacidade - Spreading Digital","isPartOf":{"@id":"https:\/\/spreadingdigital.com.br\/#website"},"datePublished":"2017-03-14T13:55:40+00:00","dateModified":"2020-06-27T23:23:29+00:00","breadcrumb":{"@id":"https:\/\/spreadingdigital.com.br\/politicadeprivacidade\/#breadcrumb"},"inLanguage":"en-US","potentialAction":[{"@type":"ReadAction","target":["https:\/\/spreadingdigital.com.br\/politicadeprivacidade\/"]}]},{"@type":"BreadcrumbList","@id":"https:\/\/spreadingdigital.com.br\/politicadeprivacidade\/#breadcrumb","itemListElement":[{"@type":"ListItem","position":1,"name":"In\u00edcio","item":"https:\/\/spreadingdigital.com.br\/"},{"@type":"ListItem","position":2,"name":"Pol\u00edtica de Privacidade"}]},{"@type":"WebSite","@id":"https:\/\/spreadingdigital.com.br\/#website","url":"https:\/\/spreadingdigital.com.br\/","name":"Spreading Digital","description":"Spreading Consultoria e Marketing Digital","potentialAction":[{"@type":"SearchAction","target":{"@type":"EntryPoint","urlTemplate":"https:\/\/spreadingdigital.com.br\/?s={search_term_string}"},"query-input":{"@type":"PropertyValueSpecification","valueRequired":true,"valueName":"search_term_string"}}],"inLanguage":"en-US"}]}},"_links":{"self":[{"href":"https:\/\/spreadingdigital.com.br\/en\/wp-json\/wp\/v2\/pages\/782","targetHints":{"allow":["GET"]}}],"collection":[{"href":"https:\/\/spreadingdigital.com.br\/en\/wp-json\/wp\/v2\/pages"}],"about":[{"href":"https:\/\/spreadingdigital.com.br\/en\/wp-json\/wp\/v2\/types\/page"}],"author":[{"embeddable":true,"href":"https:\/\/spreadingdigital.com.br\/en\/wp-json\/wp\/v2\/users\/1"}],"replies":[{"embeddable":true,"href":"https:\/\/spreadingdigital.com.br\/en\/wp-json\/wp\/v2\/comments?post=782"}],"version-history":[{"count":4,"href":"https:\/\/spreadingdigital.com.br\/en\/wp-json\/wp\/v2\/pages\/782\/revisions"}],"predecessor-version":[{"id":1372,"href":"https:\/\/spreadingdigital.com.br\/en\/wp-json\/wp\/v2\/pages\/782\/revisions\/1372"}],"wp:attachment":[{"href":"https:\/\/spreadingdigital.com.br\/en\/wp-json\/wp\/v2\/media?parent=782"}],"curies":[{"name":"wp","href":"https:\/\/api.w.org\/{rel}","templated":true}]}}